{"id":10,"date":"2023-05-31T01:59:06","date_gmt":"2023-05-31T01:59:06","guid":{"rendered":"http:\/\/www.poloniachoir.org\/wordpress\/?page_id=10"},"modified":"2025-11-26T06:07:57","modified_gmt":"2025-11-26T06:07:57","slug":"czlonkowie","status":"publish","type":"page","link":"http:\/\/www.poloniachoir.org\/wordpress\/czlonkowie\/","title":{"rendered":"Cz\u0142onkowie"},"content":{"rendered":"<div class=\"entry-content\">\n<p>Adam Makarewicz &#8211; tenor<\/p>\n<p>Andrzej \u0141ab\u0119d\u017a \u2013 tenor<\/p>\n<p>Andrzej Szyman\u00f3wka &#8211; tenor<\/p>\n<p>Anna Mioduchowska &#8211; soprano<\/p>\n<p>Barbara Jalosinska &#8211; alt<\/p>\n<p>Barbara Pruska \u2013 alt<\/p>\n<p>Bo\u017cena Wojno \u2013 alt<\/p>\n<p>Bruno Stasiak \u2013 bas<\/p>\n<p>Ela Ostapowicz \u2013 sopran<\/p>\n<p>Ela Pasiorowska \u2013 sopran<\/p>\n<p>Ela Popinska -Sopran<\/p>\n<p>Elwira Walczak \u2013 alt<\/p>\n<p>Elzbieta Romanowska &#8211; alt<\/p>\n<p>Emilia Cynar \u2013 sopran<\/p>\n<p>Estera Slaby &#8211; sopran<\/p>\n<p>Eugenia Serewko \u2013 alt<\/p>\n<p>Gra\u017cyna R\u00f3\u017cycki \u2013 sopran<\/p>\n<p>Grzegorz Lojko &#8211; tenor<\/p>\n<p>Izabela Wlaz\u0142y \u2013 alt<\/p>\n<p>Jan Cholewa \u2013 bas<\/p>\n<p>Jan Kania &#8211; tenor<\/p>\n<p>Jolanta Asenhajmer \u2013 sopran<\/p>\n<p>Karolina Staszak &#8211; sopran<\/p>\n<p>Kuba (Jan) Slaski &#8211; bas<\/p>\n<p>Katherine Lachacz \u2013 alt<\/p>\n<p>Kuba Slaski &#8211; bas<\/p>\n<p>Lucyna Lachacz &#8211; alt<\/p>\n<p>Maria Slaby &#8211; sopran<\/p>\n<p>Maria Khaner &#8211; alt<\/p>\n<p>Marzena Poglod &#8211; sopran<\/p>\n<p>Mi\u0142a de Regt \u2013 sopran<\/p>\n<p>Renata Jab\u0142o\u0144ski \u2013 alt<\/p>\n<p>Urszula Jaworska &#8211; sopran<\/p>\n<p>Violetta Rogozinski &#8211; alt<\/p>\n<p>Woody Kope\u0107 &#8211; tenor<\/p>\n<p>Zbigniew Hanusiak &#8211; tenor<\/p>\n<\/div>\n","protected":false},"excerpt":{"rendered":"<p>Adam Makarewicz &#8211; tenor Andrzej \u0141ab\u0119d\u017a \u2013 tenor Andrzej Szyman\u00f3wka &#8211; tenor Anna Mioduchowska &#8211; soprano Barbara Jalosinska &#8211; alt Barbara Pruska \u2013 alt Bo\u017cena Wojno \u2013 alt Bruno Stasiak \u2013 bas Ela Ostapowicz \u2013 sopran Ela Pasiorowska \u2013 sopran Ela Popinska -Sopran Elwira Walczak \u2013 alt Elzbieta Romanowska &#8211; alt Emilia Cynar \u2013 sopran [&hellip;]<\/p>\n","protected":false},"author":2,"featured_media":0,"parent":0,"menu_order":0,"comment_status":"closed","ping_status":"closed","template":"","meta":{"footnotes":""},"class_list":["post-10","page","type-page","status-publish","hentry"],"_links":{"self":[{"href":"http:\/\/www.poloniachoir.org\/wordpress\/wp-json\/wp\/v2\/pages\/10","targetHints":{"allow":["GET"]}}],"collection":[{"href":"http:\/\/www.poloniachoir.org\/wordpress\/wp-json\/wp\/v2\/pages"}],"about":[{"href":"http:\/\/www.poloniachoir.org\/wordpress\/wp-json\/wp\/v2\/types\/page"}],"author":[{"embeddable":true,"href":"http:\/\/www.poloniachoir.org\/wordpress\/wp-json\/wp\/v2\/users\/2"}],"replies":[{"embeddable":true,"href":"http:\/\/www.poloniachoir.org\/wordpress\/wp-json\/wp\/v2\/comments?post=10"}],"version-history":[{"count":17,"href":"http:\/\/www.poloniachoir.org\/wordpress\/wp-json\/wp\/v2\/pages\/10\/revisions"}],"predecessor-version":[{"id":590,"href":"http:\/\/www.poloniachoir.org\/wordpress\/wp-json\/wp\/v2\/pages\/10\/revisions\/590"}],"wp:attachment":[{"href":"http:\/\/www.poloniachoir.org\/wordpress\/wp-json\/wp\/v2\/media?parent=10"}],"curies":[{"name":"wp","href":"https:\/\/api.w.org\/{rel}","templated":true}]}}