{"id":239,"date":"2024-11-07T21:02:42","date_gmt":"2024-11-07T21:02:42","guid":{"rendered":"http:\/\/www.poloniachoir.org\/wordpress\/?page_id=239"},"modified":"2024-11-13T03:59:16","modified_gmt":"2024-11-13T03:59:16","slug":"walne-zebranie-agm","status":"publish","type":"page","link":"http:\/\/www.poloniachoir.org\/wordpress\/walne-zebranie-agm\/","title":{"rendered":"Walne Zebranie (AGM)"},"content":{"rendered":"\n<p><strong>Zebranie sprawozdawczo-wyborcze 7 listopada, 2024<\/strong><\/p>\n\n\n\n<p><strong>Sprawozdanie Prezesa z dzia\u0142alno\u015bci Choru Polonia<\/strong> w<strong> sezonie Grudzie\u0144 2023 &#8211; Listopad 2024<\/strong><\/p>\n\n\n\n<p>Kochani, witam Was wszystkich bardzo serdecznie na rocznym walnym zebraniu Choru Polonia. I serdecznie wszystkim dzi\u0119kuj\u0119 za przybycie.<\/p>\n\n\n\n<p>Rok, to nie tak d\u0142ugo, ale w \u017cyciu naszego choru, okres od poprzedniego walnego zebrania, kt\u00f3re odby\u0142o si\u0119 30 listopada 2023, do dzi\u015b by\u0142 pe\u0142en wydarze\u0144, kt\u00f3re zawa\u017cy\u0142y na \u017cyciu choru; praktycznie na jego \u201eby\u0107 albo nie-by\u0107\u201d.<\/p>\n\n\n\n<p>Ch\u00f3r oficjalnie prowadzi\u0142 swoja normalna dzia\u0142alno\u015b\u0107:<\/p>\n\n\n\n<p>&#8211; wzi\u0119li\u015bmy udzia\u0142 w Akademii 11 Listopada,<\/p>\n\n\n\n<p>&#8211; na pocz\u0105tku grudnia\u201923 za\u015bpiewali\u015bmy, jak co roku w Convocation Hall,<\/p>\n\n\n\n<p>&#8211; pokol\u0119dowali\u015bmy w \u201eSyrence\u201d na zaproszenie Towarzystwa Kultury Polskiej,<\/p>\n\n\n\n<p>&#8211; w styczniu dali\u015bmy koncert kol\u0119d dla senior\u00f3w u Weteran\u00f3w.<\/p>\n\n\n\n<p>Wsz\u0119dzie odnosz\u0105c sukcesy i spotykaj\u0105c si\u0119 z aplauzem edmonto\u0144skiej Polonii.<\/p>\n\n\n\n<p>Ale niepok\u00f3j wisia\u0142 w powietrzu \u2013 Oksana, nasza \u2013 od pocz\u0105tku istnienia Choru \u2013 Dyrektorka Artystyczna &#8211; zdecydowa\u0142a si\u0119 odej\u015b\u0107 nie d\u0142ugo po Koncercie Galowym z okazji obchod\u00f3w jego 25-lecia istnienia!<\/p>\n\n\n\n<p>Rozes\u0142ali\u015bmy wici \u2013 by znale\u017a\u0107 nowego dyrygenta na miejsce Oksany. Rozwa\u017cali\u015bmy r\u00f3\u017cne warianty, pytali\u015bmy znajomych, ale wszystkie propozycje wydawa\u0142y si\u0119 nie spe\u0142nia\u0107 naszych oczekiwa\u0144. Pisali\u015bmy listy do wydzia\u0142u muzyki na Uniwersytecie Alberty, ale tam odsy\u0142ali nas od Annasza do Kajfasza\u2026 Nareszcie Sylwia Chrobak, menad\u017cerka z Wirth Institute na UofA powiedzia\u0142a mi, \u017ce zna kogo\u015b, kto mo\u017ce pomoc (nie by\u0142am pewna, co to znaczy\u0142o \u2013 pomoc w znalezieniu dyrygenta czy faktycznie podj\u0119cie si\u0119 prowadzenia choru\u2026?). Po paru tygodniach dosta\u0142am namiary i zadzwoni\u0142am do Lidii Khaner. 15 stycznia\u201924 um\u00f3wili\u015bmy si\u0119 na spotkanie, kt\u00f3re trwa\u0142o ponad 2 godziny. \u2013 Interesowa\u0142o ja wszystko o chorze z detalami, bo jak m\u00f3wi\u0142a \u2013 je\u015bli si\u0119 podejmie tej pracy, to musi sobie u\u0142o\u017cy\u0107 jaki\u015b plan dzia\u0142ania. Wys\u0142a\u0142am jej nasze nuty i linki do nagra\u0144 na YouTube.<\/p>\n\n\n\n<p>Mieli\u015bmy jeszcze jedno spotkanie, tym razem do\u0142\u0105czy\u0142a do nas Gra\u017cyna R\u00f3\u017cycka, Jola Asenhajmer i Andrzej \u0141ab\u0119d\u017a.&nbsp; W lutym Lidia przysz\u0142a na nasza pr\u00f3b\u0119, a na pocz\u0105tku marca da\u0142a nam pozytywna odpowiedz \u2013 podejmie si\u0119 prowadzenia Choru Polonia!<\/p>\n\n\n\n<p>21-go kwietnia\u201924 spotka\u0142 nas wielki zaszczyt, bo mogli\u015bmy powita\u0107 Prezydenta najja\u015bniejszej Rzeczpospolitej Polskiej, Andrzeja Dud\u0119 w Edmonton. By\u0142 to historyczny moment, bo jeszcze \u017caden prezydent Polski nie odwiedzi\u0142 naszego miasta. Byli\u015bmy potem zaproszeni do udzielenia kr\u00f3tkiego wywiadu, porozmawiania z prezydencka para i zrobienia sobie z nimi zdj\u0119\u0107 na scenie.<\/p>\n\n\n\n<p>Oksana by\u0142a bardzo wzruszona, bo dane jej by\u0142o osobi\u015bcie podzi\u0119kowa\u0107 Prezydentowi za wsparcie, jakiego on osobi\u015bcie i wszyscy Polacy w kraju udzielili Ukrainie od pocz\u0105tku wojny.<\/p>\n\n\n\n<p>Nareszcie, po wielkich przygotowaniach, 27 kwietnia\u201924 odby\u0142 si\u0119 nasz Koncert Galowy z okazji 25-lecia Choru i na cze\u015b\u0107 Oksany, kt\u00f3ra zegnali\u015bmy. Impreza by\u0142a wielkim sukcesem choru i samej Oksany, cho\u0107 \u0142ezka nie jednemu zakr\u0119ci\u0142a si\u0119 w oku przy po\u017cegnaniu. Publiczno\u015b\u0107 dopisa\u0142a wspaniale i przyj\u0119\u0142a nas owacjami. Nie spodziewali\u015bmy si\u0119 a\u017c tak dobrej frekwencji i byli\u015bmy mile zaskoczeni, poniewa\u017c tego samego wieczora odbywa\u0142y si\u0119 jeszcze dwie inne polonijne imprezy! Musieli\u015bmy dok\u0142ada\u0107 krzes\u0142a, a i tak niekt\u00f3rzy stali lub siedzieli na schodach (by\u0142o ok. 260 os\u00f3b opr\u00f3cz nas)!<\/p>\n\n\n\n<p>W po\u0142owie maja do\u0142\u0105czy\u0142y do choru 3 osoby: Maria Slaby do sopran\u00f3w, El\u017cbieta Romanowska do alt\u00f3w, a Dominic Ro\u017cek jako solista i akompaniator na gitarze (niestety, tuz przed kabaretem, Dominic ze wzgl\u0119d\u00f3w zdrowotnych musia\u0142 nagle odej\u015b\u0107, ale jeste\u015bmy z nim w kontakcie i mo\u017ce w przysz\u0142o\u015bci do nas zn\u00f3w do\u0142\u0105czy).<\/p>\n\n\n\n<p>Po koncercie, niemal od razu rozpocz\u0119li\u015bmy pr\u00f3by zwi\u0105zane z Kabaretem \u201eMorskie opowie\u015bci\u201d, kt\u00f3ry zaplanowali\u015bmy na 19 pa\u017adziernika i kt\u00f3ry mia\u0142 by\u0107 kontynuacja obchod\u00f3w 25-lecia istnienia Choru Polonia. Jola mia\u0142a przygotowane piosenki, a Bo\u017cenka ju\u017c obmy\u015bla\u0142a scenografie.<\/p>\n\n\n\n<p>Tuz przed zako\u0144czeniem sezonu \u015bpiewaczego mieli\u015bmy troch\u0119 problem\u00f3w administracyjnych, poniewa\u017c na \u017cyczenie diecezji, trzeba by\u0142o podpisa\u0107 umow\u0119 z parafia ko\u015bcio\u0142a, gdzie mamy nasze pr\u00f3by. Przedtem, po prostu raz czy dwa razy do roku p\u0142acili\u015bmy nasz \u201erent\u201d w postaci dotacji na ko\u015bci\u00f3\u0142 i kwota nie by\u0142a ustalona (ok. $2,000). Tym razem proboszcz wyliczy\u0142, \u017ce nale\u017cy si\u0119 $250 miesi\u0119cznie i trzeba by\u0142o podpisa\u0107 kontrakt. A w kontrakcie (sformu\u0142owanym przez diecezje) by\u0142 warunek, \u017ce Ch\u00f3r musi mie\u0107 \u201e3rd party liability insurance\u201d. Zaj\u0119\u0142o nam par\u0119 miesi\u0119cy, by znale\u017a\u0107 zak\u0142ad ubezpieczeniowy, kt\u00f3ry nie za\u017c\u0105da\u0142by horrendalnej sk\u0142adki rocznej.<\/p>\n\n\n\n<p>W ko\u0144cu dzi\u0119ki Joli, kt\u00f3ra skontaktowa\u0142a si\u0119 z by\u0142\u0105 cz\u0142onkini\u0105 choru, uda\u0142o si\u0119; mamy wiec ubezpieczenie, kt\u00f3re jest r\u00f3wnie\u017c aktualne podczas wyjazd\u00f3w zagranicznych Choru; p\u0142acimy 650 rocznie. Zanim to za\u0142atwili\u015bmy, Zarz\u0105d nawet rozwa\u017ca\u0142 znalezienie innego miejsca na nasze cotygodniowe pr\u00f3by, ale nigdzie nie oferowano nam k\u0105cika na nasze rzeczy (jak np. pianino czy gablotka na trofea).<\/p>\n\n\n\n<p>W maju sko\u0144czyli\u015bmy nasz \u015bpiewaczy sezon. A po 3 miesi\u0105cach wakacji, 5 wrze\u015bnia wr\u00f3cili\u015bmy do pr\u00f3b \u2013 ju\u017c pod nowym kierownictwem artystycznym Lidii Khaner.<\/p>\n\n\n\n<p>Pami\u0119tacie, jak to dawniej bywa\u0142o z wrze\u015bniowymi pr\u00f3bami\u2026? \u2013 Czasami dos\u0142ownie kilka, kilkana\u015bcie os\u00f3b zjawia\u0142o si\u0119 na pr\u00f3bie na pocz\u0105tku sezonu.<\/p>\n\n\n\n<p>Ale ten wrzesie\u0144 by definitywnie inny. Na dwie pierwsze pr\u00f3by przysz\u0142o po 25 os\u00f3b, czyli 78%.<\/p>\n\n\n\n<p>Przeci\u0119tnie od 5 wrze\u015bnia do ko\u0144ca pa\u017adziernika w ka\u017cdej pr\u00f3bie uczestniczy\u0142o 75% cz\u0142onk\u00f3w.<\/p>\n\n\n\n<p>Przypuszczam, \u017ce na pocz\u0105tku przychodzi\u0142o Was du\u017co &#8211; troch\u0119 z ciekawo\u015bci, a troch\u0119 by oceni\u0107 i podj\u0105\u0107 decyzje, czy warto po tych wielkich zmianach \u2013 w chorze zosta\u0107.<\/p>\n\n\n\n<p>Ale potem zaobserwowa\u0142am niesamowit\u0105 przemian\u0119. \u2013 Nabrali\u015bcie otuchy i entuzjazmu; wst\u0105pi\u0142a nadzieja, \u017ce wszystko b\u0119dzie dobrze.<\/p>\n\n\n\n<p>My\u015bl\u0119, \u017ce to co robi Lidia przeros\u0142o nasze oczekiwania. Jej zapal \u2013 udzieli\u0142 si\u0119 nam wszystkim. Zacz\u0119li\u015bmy zn\u00f3w wierzy\u0107 w nasz Ch\u00f3r i ze nie tylko utrzymamy jego dzia\u0142alno\u015b\u0107 na dawnym poziomie, ale ze jest szansa, by si\u0119 rozwija\u0107 i robi\u0107 rzeczy nowe.<\/p>\n\n\n\n<p>Chyba wszyscy si\u0119 ze mn\u0105 zgodz\u0105, \u017ce Lidia bardzo nam pomog\u0142a profesjonalnie przy przygotowaniu kabaretu.<\/p>\n\n\n\n<p>Chocia\u017c, oczywi\u015bcie, najwi\u0119kszy aplauz nale\u017cy si\u0119 przede wszystkim Joli Asenhajmer za stworzenie tego kabaretu, a Bo\u017cence Wojno za wizualizacje my\u015bli Joli. Dziewczyny, razem jeste\u015bcie nie do pokonania! \u2013 Dzi\u0119kujemy!<\/p>\n\n\n\n<p>Edmonto\u0144ska Polonia d\u0142ugo zachowa w pami\u0119ci ten koncert. Podziwiano oryginalny pomys\u0142, pi\u0119kno ca\u0142ej sceny, a przede wszystkim fakt, \u017ce tak wielu mamy utalentowanych solist\u00f3w. Podoba\u0142o im si\u0119, \u017ce my r\u00f3wnie\u017c \u015bwietnie si\u0119 na przedstawieniu bawili\u015bmy.<\/p>\n\n\n\n<p>Nasz sukces zawdzi\u0119czamy w du\u017cej mierze r\u00f3wnie\u017c pomocy zaproszonych do udzia\u0142u takich os\u00f3b, jak<\/p>\n\n\n\n<p>&#8211; nasz niezmordowanego perkusista, Dzidek, czyli Chester Samos, kt\u00f3ry nie opu\u015bci\u0142 \u017cadnej pr\u00f3by.<\/p>\n\n\n\n<p>&#8211; Ewa Ma\u0107kowska \u2013 kobieta-orkiestra i zarazem \u015bwietna solistka \u2013 wielkie dzi\u0119ki za wspania\u0142y wyst\u0119p!<\/p>\n\n\n\n<p>&#8211; Tomek Lachacz, kt\u00f3ry \u201enaj\u0105\u0142 si\u0119\u201d wst\u0119pnie jako akompaniator, ale w pewnym momencie nie wytrzyma\u0142 \u2013 i ruszy\u0142 z pomoc\u0105 naszym Panom. \u2013 Panie Tomku \u2013 powiem to jeszcze raz: to grzech nie u\u017cywa\u0107 takiego \u015bpiewaczego talentu w Chorze Polonia! Dzi\u0119kujemy i zapraszamy!<\/p>\n\n\n\n<p>Kabaret by\u0142 wspania\u0142ym sukcesem nas wszystkich. Nie b\u0119d\u0119 ju\u017c wymienia\u0107 wszystkich tych z Was, kt\u00f3rzy przyczynili\u015bcie si\u0119 bardziej ni\u017c inni, czy to swoja praca, czy talentem do u\u015bwietnienia imprezy, bo nie chce przed\u0142u\u017ca\u0107 mojego sprawozdania.<\/p>\n\n\n\n<p>Koszt ca\u0142ego przedsi\u0119wzi\u0119cia &#8211; $27,480.61 &#8211; okaza\u0142 si\u0119 troch\u0119 wy\u017cszy ni\u017c wst\u0119pnie planowali\u015bmy, bo postanowili\u015bmy u\u015bwietni\u0107 wystr\u00f3j sali przez dodanie pokry\u0107 na krzes\u0142a (co nie by\u0142o tanie, zwa\u017cywszy, \u017ce krzese\u0142 by\u0142o 400!). Zdecydowali\u015bmy si\u0119 r\u00f3wnie\u017c ufundowa\u0107 7 nagr\u00f3d: 4 &#8211; za najlepszy str\u00f3j, i 3 \u2013 dla posiadaczy wylosowanych bilet\u00f3w wej\u015bciowych.<\/p>\n\n\n\n<p>Doch\u00f3d ze sprzeda\u017cy bilet\u00f3w wyni\u00f3s\u0142 $21,710.<\/p>\n\n\n\n<p>Wprawdzie AGLC zaaprobowa\u0142o wszystkie inne wydatki choru zwi\u0105zane z przedstawieniem; niemniej jednak, za najkosztowniejsza rzecz \u2013 kolacj\u0119 dla 400 os\u00f3b ($20,862) &#8211; nie wolno nam by\u0142o p\u0142aci\u0107 z pieni\u0119dzy z kasyna.<\/p>\n\n\n\n<p>Czyli ze za prawie 82% wszystkich wydatk\u00f3w za kabaret musieli\u015bmy zap\u0142aci\u0107 z generalnego konta.<\/p>\n\n\n\n<p>A sk\u0105d bierze si\u0119 doch\u00f3d na generalnym koncie choru? \u2013 Praktycznie, jedynym \u017ar\u00f3d\u0142em dochodu s\u0105 sk\u0142adki cz\u0142onkowskie i wynosz\u0105 one w sumie ok. $1700 rocznie. Czasami wolno nam zdeponowa\u0107 jak\u0105\u015b dotacje, ale tylko wtedy, je\u015bli pochodzi od organizacji, kt\u00f3ra nie ma konta w AGLC.<\/p>\n\n\n\n<p>A wi\u0119c z jednej strony mo\u017ce si\u0119 wydawa\u0107, \u017ce Ch\u00f3r jest \u201ebogaty\u2019, bo co 2 lata dostaje swoje udzia\u0142y z pracy w kasynie. I faktycznie \u2013 jest to niema\u0142o (w zesz\u0142ym roku \u201ezarobili\u015bmy\u201d prawie $78,000). Ale prosz\u0119 pami\u0119ta\u0107, \u017ce pieni\u0105dze te wolno nam wyda\u0107 jedynie na rzeczy \u015bci\u015ble zwi\u0105zane z artystyczna dzia\u0142alno\u015bci\u0105 choru. I prosz\u0119 mi wierzy\u0107, jeste\u015bmy bardzo dok\u0142adnie co roku na koniec marca z tego rozliczani przez AGLC. [&#8230;]<\/p>\n\n\n\n<p>Ko\u0144cz\u0105c \u017cycz\u0119 wszystkim Wam najlepszego zdrowia, szcz\u0119\u015bcia w \u017cyciu osobistym oraz powodzenia i zapa\u0142u w pracy w chorze.<\/p>\n\n\n\n<p>My\u015bl\u0119, \u017ce wszyscy mo\u017cemy by\u0107 dumni z tego, co ju\u017c osi\u0105gn\u0119li\u015bmy jako ch\u00f3r i \u015bmia\u0142o mo\u017cemy patrze\u0107 w przysz\u0142o\u015b\u0107.<\/p>\n\n\n\n<p>Eugenia Serewko, Prezes Ch\u00f3ru Polonia<\/p>\n\n\n\n<p>Edmonton, 7 listopada 2024<\/p>\n","protected":false},"excerpt":{"rendered":"<p>Zebranie sprawozdawczo-wyborcze 7 listopada, 2024 Sprawozdanie Prezesa z dzia\u0142alno\u015bci Choru Polonia w sezonie Grudzie\u0144 2023 &#8211; Listopad 2024 Kochani, witam Was wszystkich bardzo serdecznie na rocznym walnym zebraniu Choru Polonia. I serdecznie wszystkim dzi\u0119kuj\u0119 za przybycie. Rok, to nie tak d\u0142ugo, ale w \u017cyciu naszego choru, okres od poprzedniego walnego zebrania, kt\u00f3re odby\u0142o si\u0119 30 [&hellip;]<\/p>\n","protected":false},"author":2,"featured_media":0,"parent":0,"menu_order":0,"comment_status":"closed","ping_status":"closed","template":"","meta":{"footnotes":""},"class_list":["post-239","page","type-page","status-publish","hentry"],"_links":{"self":[{"href":"http:\/\/www.poloniachoir.org\/wordpress\/wp-json\/wp\/v2\/pages\/239","targetHints":{"allow":["GET"]}}],"collection":[{"href":"http:\/\/www.poloniachoir.org\/wordpress\/wp-json\/wp\/v2\/pages"}],"about":[{"href":"http:\/\/www.poloniachoir.org\/wordpress\/wp-json\/wp\/v2\/types\/page"}],"author":[{"embeddable":true,"href":"http:\/\/www.poloniachoir.org\/wordpress\/wp-json\/wp\/v2\/users\/2"}],"replies":[{"embeddable":true,"href":"http:\/\/www.poloniachoir.org\/wordpress\/wp-json\/wp\/v2\/comments?post=239"}],"version-history":[{"count":4,"href":"http:\/\/www.poloniachoir.org\/wordpress\/wp-json\/wp\/v2\/pages\/239\/revisions"}],"predecessor-version":[{"id":541,"href":"http:\/\/www.poloniachoir.org\/wordpress\/wp-json\/wp\/v2\/pages\/239\/revisions\/541"}],"wp:attachment":[{"href":"http:\/\/www.poloniachoir.org\/wordpress\/wp-json\/wp\/v2\/media?parent=239"}],"curies":[{"name":"wp","href":"https:\/\/api.w.org\/{rel}","templated":true}]}}