{"id":24,"date":"2024-11-12T17:44:53","date_gmt":"2024-11-12T17:44:53","guid":{"rendered":"http:\/\/www.poloniachoir.org\/wordpress\/?page_id=24"},"modified":"2025-09-04T22:23:18","modified_gmt":"2025-09-04T22:23:18","slug":"kontakt","status":"publish","type":"page","link":"http:\/\/www.poloniachoir.org\/wordpress\/kontakt\/","title":{"rendered":"Kontakt"},"content":{"rendered":"<div class=\"entry-content\">\n<p>Adres:<\/p>\n<p>Polonia Choir Society of Edmonton<\/p>\n<p>c\/o Jola Asenhajmer<\/p>\n<p>Ph. 780 722-1544<\/p>\n<p>e-mail: asen@telus.net<\/p>\n<\/div>\n\n\n<h1 class=\"wp-block-heading has-text-align-center\" style=\"text-align: left;\"><strong>Poszukujemy m\u0119skich g\u0142os\u00f3w:<\/strong><\/h1>\n<h1 style=\"text-align: left;\">\n\n\n<h1 class=\"wp-block-heading has-text-align-center\" style=\"text-align: left;\"><strong> tenor &#8211; baryton &#8211; bas<\/strong><\/h1>\n<h1 style=\"text-align: left;\">\u00a0<\/h1>\n\n\n<\/h1>\n<h1 style=\"text-align: left;\">Je\u015bli zatem lubisz \u015bpiewa\u0107, a obcowanie z polsk\u0105 muzyk\u0105 sprawia Ci przyjemno\u015b\u0107, przy\u0142\u0105cz si\u0119 do nas. Bycie ch\u00f3rzysta to \u015bwietna okazja do poznania nowych ludzi i zawi\u0105zania przyja\u017ani.<\/h1>\n<h1 style=\"text-align: left;\">\n\n\n\n<\/h1>\n<h1 style=\"text-align: left;\"><strong>Zapraszamy na pr\u00f3b\u0119 w ka\u017cdy czwartek o godzinie 19:00 <\/strong><\/h1>\n<h1 style=\"text-align: left;\">\n\n\n\n<\/h1>\n<h1 style=\"text-align: left;\"><strong>w ArtsHub Ortona <\/strong><\/h1>\n<h1 style=\"text-align: left;\">\n\n\n\n\n<h1 style=\"text-align: left;\"><strong>9722 102 Street, Edmonton, AB T5K 0X4<\/strong><\/h1>\n","protected":false},"excerpt":{"rendered":"<p>Adres: Polonia Choir Society of Edmonton c\/o Jola Asenhajmer Ph. 780 722-1544 e-mail: asen@telus.net Poszukujemy m\u0119skich g\u0142os\u00f3w: tenor &#8211; baryton &#8211; bas \u00a0 Je\u015bli zatem lubisz \u015bpiewa\u0107, a obcowanie z polsk\u0105 muzyk\u0105 sprawia Ci przyjemno\u015b\u0107, przy\u0142\u0105cz si\u0119 do nas. Bycie ch\u00f3rzysta to \u015bwietna okazja do poznania nowych ludzi i zawi\u0105zania przyja\u017ani. Zapraszamy na pr\u00f3b\u0119 w [&hellip;]<\/p>\n","protected":false},"author":2,"featured_media":0,"parent":0,"menu_order":0,"comment_status":"closed","ping_status":"closed","template":"","meta":{"footnotes":""},"class_list":["post-24","page","type-page","status-publish","hentry"],"_links":{"self":[{"href":"http:\/\/www.poloniachoir.org\/wordpress\/wp-json\/wp\/v2\/pages\/24","targetHints":{"allow":["GET"]}}],"collection":[{"href":"http:\/\/www.poloniachoir.org\/wordpress\/wp-json\/wp\/v2\/pages"}],"about":[{"href":"http:\/\/www.poloniachoir.org\/wordpress\/wp-json\/wp\/v2\/types\/page"}],"author":[{"embeddable":true,"href":"http:\/\/www.poloniachoir.org\/wordpress\/wp-json\/wp\/v2\/users\/2"}],"replies":[{"embeddable":true,"href":"http:\/\/www.poloniachoir.org\/wordpress\/wp-json\/wp\/v2\/comments?post=24"}],"version-history":[{"count":9,"href":"http:\/\/www.poloniachoir.org\/wordpress\/wp-json\/wp\/v2\/pages\/24\/revisions"}],"predecessor-version":[{"id":565,"href":"http:\/\/www.poloniachoir.org\/wordpress\/wp-json\/wp\/v2\/pages\/24\/revisions\/565"}],"wp:attachment":[{"href":"http:\/\/www.poloniachoir.org\/wordpress\/wp-json\/wp\/v2\/media?parent=24"}],"curies":[{"name":"wp","href":"https:\/\/api.w.org\/{rel}","templated":true}]}}