{"id":6,"date":"2024-10-26T12:52:00","date_gmt":"2024-10-26T12:52:00","guid":{"rendered":"http:\/\/www.poloniachoir.org\/wordpress\/?page_id=6"},"modified":"2025-09-04T23:06:24","modified_gmt":"2025-09-04T23:06:24","slug":"o-chorze","status":"publish","type":"page","link":"http:\/\/www.poloniachoir.org\/wordpress\/o-chorze\/","title":{"rendered":"O Ch\u00f3rze"},"content":{"rendered":"<p><strong>Ch\u00f3r Polonia<\/strong> powsta\u0142 w 1999 roku w ramach przygotowa\u0144 Edmonto\u0144skiej Orkiestry Symfonicznej (ESO), pod \u00f3wczesn\u0105 dyrekcj\u0105 Grzegorza Nowaka, do wystawienia opery \u201eHarnasie\u201d Karola Szymanowskiego. Ch\u00f3r dobrze jest znany w Edmontonie i ca\u0142ej prowincji. Przez 25 lata wyst\u0119puje i uczestniczy w \u017cyciu Polonii edmonto\u0144skiej bior\u0105c udzia\u0142 w akademiach patriotycznych, daj\u0105c charytatywne koncerty w domach seniora, czy bior\u0105c udzia\u0142 w bo\u017conarodzeniowych imprezach organizowanych przez University of Alberta Wirth Institute czy Parlament prowincji. Od pocz\u0105tku swego istnienia stara\u0142 si\u0119 tez by\u0107 ambasadorem polskiej kultury, przybli\u017caj\u0105c j\u0105 swoim kanadyjskim przyjacio\u0142om i s\u0105siadom.<\/p>\n<p>Ju\u017c w roku 2000 Ch\u00f3r zosta\u0142 zaproszony, by za\u015bpiewa\u0107 par\u0119 utwor\u00f3w na otwarciu wystawy \u201eSolidarno\u015b\u0107 1980\u201d w edmonto\u0144skim ratuszu. W nast\u0119pnym roku kilkoro cz\u0142onk\u00f3w Ch\u00f3ru Polonia wzi\u0119\u0142o udzia\u0142 w u\u015bwietnieniu ceremonii otwarcia VIII Mistrzostw \u015awiata w Lekkiej Atletyce, kt\u00f3re odbywa\u0142y si\u0119 w Edmontonie.<\/p>\n<p>Ka\u017cda pi\u0119ciolatka istnienia Ch\u00f3ru jest \u015bwi\u0119towana w specjalny spos\u00f3b. Organizowane s\u0105 wtedy specjalnie przygotowane musicale, kt\u00f3re odbiegaj\u0105 od sta\u0142ego programu artystycznego ch\u00f3ru i s\u0105 po\u0142\u0105czone z kolacj\u0105 i zabaw\u0105 taneczn\u0105 dla publiczno\u015bci. Na przyk\u0142ad na 15-lecie ch\u00f3ru, w roku 2014, przygotowano musical \u201eWesele cyga\u0144skie\u201d, a z okazji 20-lecia, w czerwcu 2019 roku wystawiono musical \u201eNoc \u015awi\u0119toja\u0144ska\u201d.<\/p>\n<p>Ch\u00f3r Polonia uczestniczy r\u00f3wnie\u017c w imprezach krajowych i zagranicznych. W 2007 roku wzi\u0105\u0142 udzia\u0142 w festiwalu muzyki ch\u00f3ralnej w Montreal i Laval, PQ. W 2008 wyst\u0105pi\u0142 w Chicago w corocznej imprezie organizowanej przez tamtejsz\u0105 Polonie zwanej \u201eTaste of Poland\u201d. A w roku 2011 wzi\u0105\u0142 udzia\u0142 w Polish Heritage Festival w Holmdel, NJ, za\u015b cztery lata p\u00f3\u017aniej uczestniczy\u0142 w mi\u0119dzynarodowym festiwalu muzyki ch\u00f3ralnej \u201eSerenade\u201d w Washington, DC.<\/p>\n<p>Ukoronowaniem osiemnastu lat istnienia ch\u00f3ru by\u0142o zwyci\u0119stwo w konkursie organizowanym przez Zwi\u0105zek \u015apiewak\u00f3w Polskich Ameryki w Filadelfii, PA; Ch\u00f3r Polonia zdoby\u0142 w\u00f3wczas Puchar Kardyna\u0142a Hlonda za zaj\u0119cie pierwszego miejsca w klasyfikacji og\u00f3lnej oraz pierwszego miejsca w klasyfikacji ch\u00f3r\u00f3w mieszanych, a Oksana Ostashevska, Dyrektor Artystyczny otrzyma\u0142a pierwsz\u0105 nagrod\u0119 w klasyfikacji dyrygent\u00f3w. .<\/p>\n<p>W roku 2019 Ch\u00f3r Polonia obchodzi\u0142 swoje 20-lecie. Dlatego tez opr\u00f3cz musicalu pt. \u201eNoc \u015awi\u0119toja\u0144ska\u201d, zorganizowany zosta\u0142 tez koncert galowy z go\u015bcinnymi wyst\u0119pami grupy tanecznej \u201ePolonez\u201d Walentego Michalika i uczni\u00f3w edmonto\u0144skiej szko\u0142y baletowej. Na imprez\u0119 t\u0119 zaproszono wielu go\u015bci w\u0142\u0105czanie z w\u0142adzami miasta i prowincji.<\/p>\n<p>Swoje 25-lecie Chor Polonia uczci\u0142 dwiema imprezami. &#8211; 27 kwietnia, 2024 &#8211; odby\u0142 si\u0119 w Campus St. Jean wspania\u0142y Koncert Galowy, podczas kt\u00f3rego po\u017cegnano Dyrektora Artystycznego, Oksan\u0119 Ostaszewsk\u0105, kt\u00f3ra chorem od jego za\u0142o\u017cenia kierowa\u0142a. A 19-go pa\u017adziernika, tradycyjnie, jak po ka\u017cdej 5-latce, mia\u0142 miejsce kabaret &#8211; tym razem by\u0142y to szanty \u017ceglarskie, pt. &#8220;Morskie opowiesci&#8221;. Obydwie imprezy wzbudzi\u0142y ogromne zainteresowanie i aplauz w\u015br\u00f3d Polonii edmonto\u0144skiej.<\/p>\n<p>Konsul Honorowy Rzeczpospolitej Polskiej, John Shumlas, uhonorowa\u0142 Odznakami Honorowymi \u201eZas\u0142u\u017cony dla kultury polskiej\u201d przyznawanymi przez Ministerstwo Kultury i Dziedzictwa Narodowego Polski &#8211; Dyrektork\u0119 Artystyczna, Oksan\u0119 Ostaszevsk\u0105 i d\u0142ugoletniego cz\u0142onka i jednego z zas\u0142u\u017conych za\u0142o\u017cycieli Ch\u00f3ru, Andrzeja \u0141ab\u0119dzia.<\/p>\n<p>Przyby\u0142a tez Mary Lou Wyrobek, prezeska Zwi\u0105zku \u015apiewak\u00f3w Polskich Ameryki, kt\u00f3ra wr\u0119czy\u0142a dyplom uznania dyrektorce artystycznej Ch\u00f3ru, Oksanie Ostashevskiej.<\/p>\n<p>27 maja, 2023 Ch\u00f3r Polonia obroni\u0142 w Buffalo, NY sw\u00f3j tytu\u0142 najlepszego choru &#8211; po\u015br\u00f3d cz\u0142onk\u00f3w Zwi\u0105zku \u015apiewak\u00f3w Polskich Ameryki, zdobywaj\u0105c ponownie 1 nagrod\u0119 w kategorii ch\u00f3r\u00f3w mieszanych i 1 nagrod\u0119 za najlepsz\u0105 punktacj\u0119 ze wszystkich uczestnik\u00f3w konkursu, a Dyrektorka Artystyczna &#8211; Oksana Ostaszewska otrzyma\u0142a nagrod\u0119 pieni\u0119\u017cn\u0105 za zaj\u0119cie czo\u0142owego miejsca w\u015br\u00f3d dyrygent\u00f3w.<\/p>\n<p>Do tej pory ch\u00f3r nagra\u0142 4 p\u0142yty CD: dwie z kol\u0119dami, jedn\u0105 z pie\u015bniami ludowymi, a jedn\u0105 z pie\u015bniami patriotycznymi (pt. \u201eOjczyzno ma\u201d).<\/p>\n<p>Rok 2024, to rok jubileuszowy &#8211; 25-lecie istnienia Ch\u00f3ru Polonia. Z tej okazji w kwietniu tego roku zosta\u0142 zorganizowany koncert galowy. Byl on tez po\u017cegnaniem Dyrektorki Artystycznej i jednej z za\u0142o\u017cycielek Ch\u00f3ru &#8211; Oksany Ostashevskiej. Koncert by\u0142 uwie\u0144czony wielkim sukcesem i d\u0142ugo si\u0119 o nim m\u00f3wi\u0142o w\u015br\u00f3d Polonii edmonto\u0144skiej. Wedle zwyczaju, 25-Lecie zosta\u0142o uczczone &#8220;kabaretem&#8221; pt. &#8220;Morskie opowie\u015bci&#8221;, bankietem i pota\u0144c\u00f3wk\u0105 do bia\u0142ego rana! Sala by\u0142a pe\u0142na (400 os\u00f3b!), Niestety nie wszyscy ch\u0119tni zd\u0105\u017cyli sobie kupi\u0107 bilet&#8230;<\/p>\n<p>Od 1 wrze\u015bnia, 2024 nowym Dyrektorem Artystycznym Ch\u00f3ru jest pani Lidia Khaner (jej biografia artystyczna na stronie &#8220;Dyrektor&#8221;).<\/p>\n<p>Ch\u00f3r przygotowuje si\u0119 obecnie do stworzenia nowego spektaklu muzycznego, kt\u00f3ry powstaje w kooperacji z grup\u0105 taneczn\u0105 \u0141owicz, pt. &#8220;Do kraju tego&#8221;, na kt\u00f3r\u0105 zapraszamy ca\u0142\u0105 Polonie Edmonton ju\u017c w sobot\u0119 27 wrze\u015bnia, 2025, Dom Polski, godz. 15-ta (3:00 P.M.); wst\u0119p wolny.<\/p>\n<p>&nbsp;<\/p>\n\n\n<p>Historia istnienia Ch\u00f3ru Polonia w dokumentach.<\/p>\n\n\n\n<p><\/p>\n\n\n\n<p class=\"has-large-font-size\"><\/p>\n\n\n\n<div class=\"wp-block-media-text alignwide\"><figure class=\"wp-block-media-text__media\"><video controls src=\"http:\/\/www.poloniachoir.org\/wordpress\/wp-content\/uploads\/2019\/12\/20th-web-1.mp4\"><\/video><\/figure><div class=\"wp-block-media-text__content\">\n<p><\/p>\n\n\n\n<figure class=\"wp-block-embed is-type-video is-provider-youtube wp-block-embed-youtube wp-embed-aspect-16-9 wp-has-aspect-ratio\"><div class=\"wp-block-embed__wrapper\">\n<iframe loading=\"lazy\" title=\"Cho\u0301r Polonia w kabarecie &quot;Morskie Opowies\u0301ci&quot;\" width=\"750\" height=\"422\" src=\"https:\/\/www.youtube.com\/embed\/-C38rSErUU4?feature=oembed\" frameborder=\"0\" allow=\"accelerometer; autoplay; clipboard-write; encrypted-media; gyroscope; picture-in-picture; web-share\" referrerpolicy=\"strict-origin-when-cross-origin\" allowfullscreen><\/iframe>\n<\/div><\/figure>\n<\/div><\/div>\n\n\n\n<figure class=\"wp-block-embed is-type-video is-provider-youtube wp-block-embed-youtube wp-embed-aspect-16-9 wp-has-aspect-ratio\"><div class=\"wp-block-embed__wrapper\">\n<iframe loading=\"lazy\" title=\"Ch\u00f3r Polonia w kabarecie &quot;Morskie Opowies\u0301ci&quot;  -  utw\u00f3r  Morskie Opowie\u015bci\" width=\"750\" height=\"422\" src=\"https:\/\/www.youtube.com\/embed\/GQrXYeQxQZ8?feature=oembed\" frameborder=\"0\" allow=\"accelerometer; autoplay; clipboard-write; encrypted-media; gyroscope; picture-in-picture; web-share\" referrerpolicy=\"strict-origin-when-cross-origin\" allowfullscreen><\/iframe>\n<\/div><\/figure>\n\n\n\n<figure class=\"wp-block-embed is-type-video is-provider-youtube wp-block-embed-youtube wp-embed-aspect-16-9 wp-has-aspect-ratio\"><div class=\"wp-block-embed__wrapper\">\n<iframe loading=\"lazy\" title=\"Ch\u00f3r Polonia w kabarecie &quot;Morskie Opowie\u015bci&quot;  - Bia\u0142a Sukienka\" width=\"750\" height=\"422\" src=\"https:\/\/www.youtube.com\/embed\/aIMDDifpjqU?feature=oembed\" frameborder=\"0\" allow=\"accelerometer; autoplay; clipboard-write; encrypted-media; gyroscope; picture-in-picture; web-share\" referrerpolicy=\"strict-origin-when-cross-origin\" allowfullscreen><\/iframe>\n<\/div><\/figure>\n\n\n\n<figure class=\"wp-block-embed is-type-video is-provider-youtube wp-block-embed-youtube wp-embed-aspect-16-9 wp-has-aspect-ratio\"><div class=\"wp-block-embed__wrapper\">\n<iframe loading=\"lazy\" title=\"Chor Polonia w kabarecie &quot;Morskie Opowie\u015bci&quot; - Port to jest poezja\" width=\"750\" height=\"422\" src=\"https:\/\/www.youtube.com\/embed\/7uwVCVVTjS0?feature=oembed\" frameborder=\"0\" allow=\"accelerometer; autoplay; clipboard-write; encrypted-media; gyroscope; picture-in-picture; web-share\" referrerpolicy=\"strict-origin-when-cross-origin\" allowfullscreen><\/iframe>\n<\/div><\/figure>\n\n\n\n<figure class=\"wp-block-embed is-type-video is-provider-youtube wp-block-embed-youtube wp-embed-aspect-16-9 wp-has-aspect-ratio\"><div class=\"wp-block-embed__wrapper\">\n<iframe loading=\"lazy\" title=\"Ch\u00f3r Polonia w kabarecie &quot;Morskie Opowie\u015bci&quot; - Przechy\u0142y\" width=\"750\" height=\"422\" src=\"https:\/\/www.youtube.com\/embed\/SNwuS9qV8pc?feature=oembed\" frameborder=\"0\" allow=\"accelerometer; autoplay; clipboard-write; encrypted-media; gyroscope; picture-in-picture; web-share\" referrerpolicy=\"strict-origin-when-cross-origin\" allowfullscreen><\/iframe>\n<\/div><\/figure>\n\n\n\n<figure class=\"wp-block-embed is-type-video is-provider-youtube wp-block-embed-youtube wp-embed-aspect-16-9 wp-has-aspect-ratio\"><div class=\"wp-block-embed__wrapper\">\n<iframe loading=\"lazy\" title=\"Ch\u00f3r Polonia w kabarecie &quot;Morskie Opowie\u015bci&quot; - Ch\u0142opcy z Albatrosa\" width=\"750\" height=\"422\" src=\"https:\/\/www.youtube.com\/embed\/FKDWE8J1d7c?feature=oembed\" frameborder=\"0\" allow=\"accelerometer; autoplay; clipboard-write; encrypted-media; gyroscope; picture-in-picture; web-share\" referrerpolicy=\"strict-origin-when-cross-origin\" allowfullscreen><\/iframe>\n<\/div><\/figure>\n\n\n\n<figure class=\"wp-block-embed is-type-video is-provider-youtube wp-block-embed-youtube wp-embed-aspect-16-9 wp-has-aspect-ratio\"><div class=\"wp-block-embed__wrapper\">\n<iframe loading=\"lazy\" title=\"Ch\u00f3r Polonia w kabarecie &quot;Morskie Opowie\u015bci&quot; - Kapitan\u0301skie Tango\" width=\"750\" height=\"422\" src=\"https:\/\/www.youtube.com\/embed\/Sk_OtTf2RBE?feature=oembed\" frameborder=\"0\" allow=\"accelerometer; autoplay; clipboard-write; encrypted-media; gyroscope; picture-in-picture; web-share\" referrerpolicy=\"strict-origin-when-cross-origin\" allowfullscreen><\/iframe>\n<\/div><\/figure>\n\n\n\n<figure class=\"wp-block-embed is-type-video is-provider-youtube wp-block-embed-youtube wp-embed-aspect-16-9 wp-has-aspect-ratio\"><div class=\"wp-block-embed__wrapper\">\n<iframe loading=\"lazy\" title=\"Bosman - Andrzej Szymano\u0301wka\" width=\"750\" height=\"422\" src=\"https:\/\/www.youtube.com\/embed\/Tb4v3Ho76mE?feature=oembed\" frameborder=\"0\" allow=\"accelerometer; autoplay; clipboard-write; encrypted-media; gyroscope; picture-in-picture; web-share\" referrerpolicy=\"strict-origin-when-cross-origin\" allowfullscreen><\/iframe>\n<\/div><\/figure>\n\n\n\n<figure class=\"wp-block-embed is-type-video is-provider-youtube wp-block-embed-youtube wp-embed-aspect-16-9 wp-has-aspect-ratio\"><div class=\"wp-block-embed__wrapper\">\n<iframe loading=\"lazy\" title=\"Ch\u00f3r Polonia w kabarecie &quot;Morskie Opowie\u015bci&quot; - Bitwa\" width=\"750\" height=\"422\" src=\"https:\/\/www.youtube.com\/embed\/UHyV_sL9pC0?feature=oembed\" frameborder=\"0\" allow=\"accelerometer; autoplay; clipboard-write; encrypted-media; gyroscope; picture-in-picture; web-share\" referrerpolicy=\"strict-origin-when-cross-origin\" allowfullscreen><\/iframe>\n<\/div><\/figure>\n\n\n\n<figure class=\"wp-block-embed is-type-video is-provider-youtube wp-block-embed-youtube wp-embed-aspect-16-9 wp-has-aspect-ratio\"><div class=\"wp-block-embed__wrapper\">\n<iframe loading=\"lazy\" title=\"Ch\u00f3r Polonia w kabarecie &quot; Morskie Opowie\u015bci&quot; - Mazury\" width=\"750\" height=\"422\" src=\"https:\/\/www.youtube.com\/embed\/MKvMoebWDJg?feature=oembed\" frameborder=\"0\" allow=\"accelerometer; autoplay; clipboard-write; encrypted-media; gyroscope; picture-in-picture; web-share\" referrerpolicy=\"strict-origin-when-cross-origin\" allowfullscreen><\/iframe>\n<\/div><\/figure>\n\n\n\n<figure class=\"wp-block-embed is-type-video is-provider-youtube wp-block-embed-youtube wp-embed-aspect-16-9 wp-has-aspect-ratio\"><div class=\"wp-block-embed__wrapper\">\n<iframe loading=\"lazy\" title=\"Ch\u00f3r Polonia w kabarecie &quot;Morskie Opowie\u015bci&quot; - La Paloma\" width=\"750\" height=\"422\" src=\"https:\/\/www.youtube.com\/embed\/omw2JhQTJ_4?feature=oembed\" frameborder=\"0\" allow=\"accelerometer; autoplay; clipboard-write; encrypted-media; gyroscope; picture-in-picture; web-share\" referrerpolicy=\"strict-origin-when-cross-origin\" allowfullscreen><\/iframe>\n<\/div><\/figure>\n\n\n\n<figure class=\"wp-block-embed is-type-video is-provider-youtube wp-block-embed-youtube wp-embed-aspect-16-9 wp-has-aspect-ratio\"><div class=\"wp-block-embed__wrapper\">\n<iframe loading=\"lazy\" title=\"Jed  and the Valentine  -  &quot;Farewell to Liverpool&quot;\" width=\"750\" height=\"422\" src=\"https:\/\/www.youtube.com\/embed\/xVIxRlRSV9U?feature=oembed\" frameborder=\"0\" allow=\"accelerometer; autoplay; clipboard-write; encrypted-media; gyroscope; picture-in-picture; web-share\" referrerpolicy=\"strict-origin-when-cross-origin\" allowfullscreen><\/iframe>\n<\/div><\/figure>\n\n\n\n<figure class=\"wp-block-embed is-type-video is-provider-youtube wp-block-embed-youtube wp-embed-aspect-16-9 wp-has-aspect-ratio\"><div class=\"wp-block-embed__wrapper\">\n<iframe loading=\"lazy\" title=\"Jed  and the Valentine  -  &quot; Wellerman &quot;\" width=\"750\" height=\"422\" src=\"https:\/\/www.youtube.com\/embed\/R1YnjSomdok?feature=oembed\" frameborder=\"0\" allow=\"accelerometer; autoplay; clipboard-write; encrypted-media; gyroscope; picture-in-picture; web-share\" referrerpolicy=\"strict-origin-when-cross-origin\" allowfullscreen><\/iframe>\n<\/div><\/figure>\n\n\n\n<figure class=\"wp-block-embed is-type-video is-provider-youtube wp-block-embed-youtube wp-embed-aspect-16-9 wp-has-aspect-ratio\"><div class=\"wp-block-embed__wrapper\">\n<iframe loading=\"lazy\" title=\"Ch\u00f3r Polonia w kabarecie &quot;Morskie Opowie\u015bci&quot; - Gdzie ta Keja\" width=\"750\" height=\"422\" src=\"https:\/\/www.youtube.com\/embed\/S73OpVSDiBc?feature=oembed\" frameborder=\"0\" allow=\"accelerometer; autoplay; clipboard-write; encrypted-media; gyroscope; picture-in-picture; web-share\" referrerpolicy=\"strict-origin-when-cross-origin\" allowfullscreen><\/iframe>\n<\/div><\/figure>\n\n\n\n<figure class=\"wp-block-embed is-type-video is-provider-youtube wp-block-embed-youtube wp-embed-aspect-16-9 wp-has-aspect-ratio\"><div class=\"wp-block-embed__wrapper\">\n<iframe loading=\"lazy\" title=\"Ch\u00f3r Polonia w kabarecie &quot;Morskie Opowie\u015bci&quot; - Statek do M\u0142ocin\" width=\"750\" height=\"422\" src=\"https:\/\/www.youtube.com\/embed\/uk3v0SXkt6U?feature=oembed\" frameborder=\"0\" allow=\"accelerometer; autoplay; clipboard-write; encrypted-media; gyroscope; picture-in-picture; web-share\" referrerpolicy=\"strict-origin-when-cross-origin\" allowfullscreen><\/iframe>\n<\/div><\/figure>\n\n\n\n<p><\/p>\n","protected":false},"excerpt":{"rendered":"<p>Ch\u00f3r Polonia powsta\u0142 w 1999 roku w ramach przygotowa\u0144 Edmonto\u0144skiej Orkiestry Symfonicznej (ESO), pod \u00f3wczesn\u0105 dyrekcj\u0105 Grzegorza Nowaka, do wystawienia opery \u201eHarnasie\u201d Karola Szymanowskiego. Ch\u00f3r dobrze jest znany w Edmontonie i ca\u0142ej prowincji. Przez 25 lata wyst\u0119puje i uczestniczy w \u017cyciu Polonii edmonto\u0144skiej bior\u0105c udzia\u0142 w akademiach patriotycznych, daj\u0105c charytatywne koncerty w domach seniora, czy [&hellip;]<\/p>\n","protected":false},"author":2,"featured_media":471,"parent":0,"menu_order":0,"comment_status":"closed","ping_status":"closed","template":"","meta":{"footnotes":""},"class_list":["post-6","page","type-page","status-publish","has-post-thumbnail","hentry"],"_links":{"self":[{"href":"http:\/\/www.poloniachoir.org\/wordpress\/wp-json\/wp\/v2\/pages\/6","targetHints":{"allow":["GET"]}}],"collection":[{"href":"http:\/\/www.poloniachoir.org\/wordpress\/wp-json\/wp\/v2\/pages"}],"about":[{"href":"http:\/\/www.poloniachoir.org\/wordpress\/wp-json\/wp\/v2\/types\/page"}],"author":[{"embeddable":true,"href":"http:\/\/www.poloniachoir.org\/wordpress\/wp-json\/wp\/v2\/users\/2"}],"replies":[{"embeddable":true,"href":"http:\/\/www.poloniachoir.org\/wordpress\/wp-json\/wp\/v2\/comments?post=6"}],"version-history":[{"count":23,"href":"http:\/\/www.poloniachoir.org\/wordpress\/wp-json\/wp\/v2\/pages\/6\/revisions"}],"predecessor-version":[{"id":572,"href":"http:\/\/www.poloniachoir.org\/wordpress\/wp-json\/wp\/v2\/pages\/6\/revisions\/572"}],"wp:featuredmedia":[{"embeddable":true,"href":"http:\/\/www.poloniachoir.org\/wordpress\/wp-json\/wp\/v2\/media\/471"}],"wp:attachment":[{"href":"http:\/\/www.poloniachoir.org\/wordpress\/wp-json\/wp\/v2\/media?parent=6"}],"curies":[{"name":"wp","href":"https:\/\/api.w.org\/{rel}","templated":true}]}}