{"id":8,"date":"2024-09-04T00:58:30","date_gmt":"2024-09-04T00:58:30","guid":{"rendered":"http:\/\/www.poloniachoir.org\/wordpress\/?page_id=8"},"modified":"2024-09-04T06:59:08","modified_gmt":"2024-09-04T06:59:08","slug":"dyrektor","status":"publish","type":"page","link":"http:\/\/www.poloniachoir.org\/wordpress\/dyrektor\/","title":{"rendered":"Lidia Khaner &#8211; Dyrektor Artystyczny"},"content":{"rendered":"<div class=\"wp-block-image\">\n<figure class=\"alignleft size-full is-resized\"><img loading=\"lazy\" decoding=\"async\" width=\"268\" height=\"338\" src=\"https:\/\/www.poloniachoir.org\/wordpress\/wp-content\/uploads\/2024\/09\/image.png\" alt=\"\" class=\"wp-image-409\" style=\"width:358px;height:auto\" srcset=\"http:\/\/www.poloniachoir.org\/wordpress\/wp-content\/uploads\/2024\/09\/image.png 268w, http:\/\/www.poloniachoir.org\/wordpress\/wp-content\/uploads\/2024\/09\/image-238x300.png 238w\" sizes=\"auto, (max-width: 268px) 100vw, 268px\" \/><\/figure>\n<\/div>\n\n\n<p>Od 1 wrze\u015bnia, 2024 now\u0105 Dyrektork\u0105 Artystyczn\u0105 i dyrygentk\u0105 Ch\u00f3ru Polonia jest pani Lidia Khaner.<\/p>\n\n\n\n<p>Pani Lidia studiowa\u0142a gr\u0119 na oboju w Akademii Muzycznej w Warszawie, kt\u00f3r\u0105 uko\u0144czy\u0142a z wyr\u00f3\u017cnieniem w 1987 roku. Jako cz\u0142onkini Sinfonia Varsovia i Polskiej Orkiestry Kameralnej odby\u0142a tourn\u00e9e po \u015bwiecie, wykonuj\u0105c zar\u00f3wno partie orkiestrowe, jak i koncerty solowe na oboju. Podczas urlopu naukowego studiowa\u0142a w Niemczech w Hochschule f\u00fcr Musik w Stuttgarcie pod kierunkiem Ingo Goritzkiego oraz gra\u0142a w Deutsche Kammerakademie. W latach 1992-1997 gra\u0142a jako pierwszy ob\u00f3j w zespole Sinfonia Helvetica. W 1996 roku przyjecha\u0142a do Kanady, aby do\u0142\u0105czy\u0107 do Edmonton Symphony Orchestra (ESO).<\/p>\n\n\n\n<p>W roku 2017, pani Lidia uzyska\u0142a tytu\u0142 magistra dyrygentury na Uniwersytecie Alberty i zacz\u0119\u0142a zdobywa\u0107 dodatkowe do\u015bwiadczenia i nauki w zakresie kierowania zespo\u0142em. Bra\u0142a udzia\u0142 w warsztatach z Neilem Varonem (Eastman School of Music), Dirkiem Bross\u00e9 i Johnem Farrerem (New York Chamber Orchestra Workshop), a tak\u017ce z Robertem Taylorem, Mallory Thompson, Dale&#8217;em Lonisem i Craigiem Kirchoffem. Latem 2019 roku uczestniczy\u0142a w warsztatach z Narodow\u0105 Orkiestr\u0105 Prezydenck\u0105 Ukrainy w Kijowie, prowadzonych przez Christophera Lyndona-Gee. Zosta\u0142a r\u00f3wnie\u017c wybrana do Emerging Conductor Program Pro Coro Canada, profesjonalnym ch\u00f3rem z Edmonton.<\/p>\n\n\n\n<p>Jej kadencja w Edmonton Symphony Orchestra (ESO) by\u0142a naznaczona niezliczonymi osi\u0105gni\u0119ciami, w tym dziesi\u0105tkami wyst\u0119p\u00f3w i nagra\u0144 jako solistka oboju, nie tylko z ESO, ale tak\u017ce z Alberta Baroque Ensemble, Red Deer Symphony i Edmonton Chamber Orchestra. W 2019 roku, po dwudziestu trzech niezwyk\u0142ych sezonach jako pierwszy ob\u00f3j Edmonton Symphony Orchestra (ESO), pani Lidia Khaner przesz\u0142a na emerytur\u0119. &#8211; Nie zaniecha\u0142a jednak podejmowania nowych muzycznych wyzwa\u0144. Jednym z takich b\u0119dzie kierownictwo artystyczne nad Chorem Polonia.<\/p>\n\n\n\n<p>A tak m\u00f3wi o sobie: &#8220;Reprezentowa\u0142am Polsk\u0119, graj\u0105c na oboju, na koncertach organizowanych w celu pokazania naszych polskich osi\u0105gni\u0119\u0107 tu w Albercie. A w mojej orkiestrze kameralnej (Chamber Orchestra of Edmonton) staram si\u0119 propagowa\u0107 repertuar polskich kompozytor\u00f3w,  zar\u00f3wno klasyk\u00f3w jak i tw\u00f3rc\u00f3w wsp\u00f3\u0142czesnych, takich jak: Gra\u017cyna Bacewicz, Chopin, Kar\u0142owicza i Piotra Grella-Mo\u017cejko.&#8221;<\/p>\n\n\n\n<p><\/p>\n\n\n\n<p><\/p>\n","protected":false},"excerpt":{"rendered":"<p>Od 1 wrze\u015bnia, 2024 now\u0105 Dyrektork\u0105 Artystyczn\u0105 i dyrygentk\u0105 Ch\u00f3ru Polonia jest pani Lidia Khaner. Pani Lidia studiowa\u0142a gr\u0119 na oboju w Akademii Muzycznej w Warszawie, kt\u00f3r\u0105 uko\u0144czy\u0142a z wyr\u00f3\u017cnieniem w 1987 roku. Jako cz\u0142onkini Sinfonia Varsovia i Polskiej Orkiestry Kameralnej odby\u0142a tourn\u00e9e po \u015bwiecie, wykonuj\u0105c zar\u00f3wno partie orkiestrowe, jak i koncerty solowe na oboju. [&hellip;]<\/p>\n","protected":false},"author":2,"featured_media":0,"parent":0,"menu_order":1,"comment_status":"open","ping_status":"closed","template":"","meta":{"footnotes":""},"class_list":["post-8","page","type-page","status-publish","hentry"],"_links":{"self":[{"href":"http:\/\/www.poloniachoir.org\/wordpress\/wp-json\/wp\/v2\/pages\/8","targetHints":{"allow":["GET"]}}],"collection":[{"href":"http:\/\/www.poloniachoir.org\/wordpress\/wp-json\/wp\/v2\/pages"}],"about":[{"href":"http:\/\/www.poloniachoir.org\/wordpress\/wp-json\/wp\/v2\/types\/page"}],"author":[{"embeddable":true,"href":"http:\/\/www.poloniachoir.org\/wordpress\/wp-json\/wp\/v2\/users\/2"}],"replies":[{"embeddable":true,"href":"http:\/\/www.poloniachoir.org\/wordpress\/wp-json\/wp\/v2\/comments?post=8"}],"version-history":[{"count":9,"href":"http:\/\/www.poloniachoir.org\/wordpress\/wp-json\/wp\/v2\/pages\/8\/revisions"}],"predecessor-version":[{"id":412,"href":"http:\/\/www.poloniachoir.org\/wordpress\/wp-json\/wp\/v2\/pages\/8\/revisions\/412"}],"wp:attachment":[{"href":"http:\/\/www.poloniachoir.org\/wordpress\/wp-json\/wp\/v2\/media?parent=8"}],"curies":[{"name":"wp","href":"https:\/\/api.w.org\/{rel}","templated":true}]}}