{"id":11,"date":"2025-01-18T17:49:00","date_gmt":"2025-01-18T17:49:00","guid":{"rendered":"http:\/\/www.poloniachoir.org\/wordpress_en\/?page_id=11"},"modified":"2025-11-26T06:31:52","modified_gmt":"2025-11-26T06:31:52","slug":"members","status":"publish","type":"page","link":"http:\/\/www.poloniachoir.org\/wordpress_en\/members\/","title":{"rendered":"Members"},"content":{"rendered":"<p>Adma Makarewicz &#8211; tenor<\/p>\n<p>Andrzej \u0141ab\u0119d\u017a \u2013 base<\/p>\n<p>Andrzej Szyman\u00f3wka &#8211; tenor<\/p>\n<p>Anna Mioduchowski &#8211; soprano<\/p>\n<p>Barbara Jalosinska &#8211; alto<\/p>\n<p>Barbara Pruska \u2013 alto<\/p>\n<p>Bo\u017cena Wojno \u2013 alto<\/p>\n<p>Bruno Stasiak \u2013 base<\/p>\n<p>Ela Ostapowicz \u2013 soprano<\/p>\n<p>Ela Pasiorowska &#8211; soprano<\/p>\n<p>Ela Popinska &#8211; soprano<\/p>\n<p>Emilia Cynar &#8211; soprano<\/p>\n<p>Elwira Walczak \u2013 alto<\/p>\n<p>Elzbieta Romanowska &#8211; alto<\/p>\n<p>Estera Slaby &#8211; soprano<\/p>\n<p>Eugenia Serewko \u2013 alto<\/p>\n<p>Gra\u017cyna R\u00f3\u017cycki \u2013 soprano<\/p>\n<p>Grzegorz Lojko &#8211; tenor<\/p>\n<p>Izabela Wlaz\u0142y \u2013 alto<\/p>\n<p>Jan Cholewa \u2013 base<\/p>\n<p>Jan Kania &#8211; tenor<\/p>\n<p>Jolanta Asenhajmer \u2013 soprano<\/p>\n<p>Karolina Staszak &#8211; soprano<\/p>\n<p>Katherine Lachacz &#8211; alto<\/p>\n<p>Kuba (Jan) Slaski &#8211; tenor<\/p>\n<p>Lucyna Lachacz &#8211; alto<\/p>\n<p>Maria Khaner &#8211; alto<\/p>\n<p>Maria Slaby &#8211; soprano<\/p>\n<p>Marzena Poglod &#8211; soprano<\/p>\n<p>Mi\u0142a de Regt \u2013 soprano<\/p>\n<p>Renata Jab\u0142o\u0144ski \u2013 alto<\/p>\n<p>Urszula Jaworska &#8211; soprano<\/p>\n<p>Violetta Rogozinski &#8211; alto<\/p>\n<p>Woody (Wlodek) Kope\u0107 &#8211; tenor<\/p>\n<p>Zbigniew Hanusiak &#8211; tenor<\/p>\n","protected":false},"excerpt":{"rendered":"<p>Adma Makarewicz &#8211; tenor Andrzej \u0141ab\u0119d\u017a \u2013 base Andrzej Szyman\u00f3wka &#8211; tenor Anna Mioduchowski &#8211; soprano Barbara Jalosinska &#8211; alto Barbara Pruska \u2013 alto Bo\u017cena Wojno \u2013 alto Bruno Stasiak \u2013 base Ela Ostapowicz \u2013 soprano Ela Pasiorowska &#8211; soprano Ela Popinska &#8211; soprano Emilia Cynar &#8211; soprano Elwira Walczak \u2013 alto Elzbieta Romanowska &#8211; [&hellip;]<\/p>\n","protected":false},"author":2,"featured_media":0,"parent":0,"menu_order":0,"comment_status":"closed","ping_status":"closed","template":"","meta":[],"_links":{"self":[{"href":"http:\/\/www.poloniachoir.org\/wordpress_en\/wp-json\/wp\/v2\/pages\/11"}],"collection":[{"href":"http:\/\/www.poloniachoir.org\/wordpress_en\/wp-json\/wp\/v2\/pages"}],"about":[{"href":"http:\/\/www.poloniachoir.org\/wordpress_en\/wp-json\/wp\/v2\/types\/page"}],"author":[{"embeddable":true,"href":"http:\/\/www.poloniachoir.org\/wordpress_en\/wp-json\/wp\/v2\/users\/2"}],"replies":[{"embeddable":true,"href":"http:\/\/www.poloniachoir.org\/wordpress_en\/wp-json\/wp\/v2\/comments?post=11"}],"version-history":[{"count":14,"href":"http:\/\/www.poloniachoir.org\/wordpress_en\/wp-json\/wp\/v2\/pages\/11\/revisions"}],"predecessor-version":[{"id":760,"href":"http:\/\/www.poloniachoir.org\/wordpress_en\/wp-json\/wp\/v2\/pages\/11\/revisions\/760"}],"wp:attachment":[{"href":"http:\/\/www.poloniachoir.org\/wordpress_en\/wp-json\/wp\/v2\/media?parent=11"}],"curies":[{"name":"wp","href":"https:\/\/api.w.org\/{rel}","templated":true}]}}